{"id":13,"date":"2017-12-29T16:56:52","date_gmt":"2017-12-29T18:56:52","guid":{"rendered":"http:\/\/2018.ruideoliveira.com.br\/?page_id=13"},"modified":"2018-12-21T22:43:32","modified_gmt":"2018-12-22T00:43:32","slug":"bio","status":"publish","type":"page","link":"https:\/\/ruideoliveira.com.br\/br\/bio\/","title":{"rendered":"Biografia"},"content":{"rendered":"<p>Nasceu no Rio de Janeiro.<\/p>\n<p>Estudou pintura no Museu de Arte Moderna desta cidade, artes gr\u00e1ficas na Escola de Belas Artes da UFRJ e, durante 6 anos ilustra\u00e7\u00e3o na Moholy-Nagy University of Art and Design, em Budapeste.Estudou tamb\u00e9m cinema de anima\u00e7\u00e3o no est\u00fadio h\u00fangaro Pann\u00f3nia Film.<\/p>\n<p>Foi Diretor de Arte da TV-Globo e da TV-Educativa atual TV-Brasil. Entre suas aberturas e vinhetas destacam-se as criadas para a primeira vers\u00e3o da novela S\u00edtio do Pica-Pau Amarelo e a reformula\u00e7\u00e3o do v\u00eddeo-grafismo da TV-E.<\/p>\n<p>J\u00e1 ilustrou mais de 140 livros e projetou dezenas de capas para as principais editoras de literatura infanto-juvenil brasileiras, e \u00e9 autor de seis filmes de anima\u00e7\u00e3o, tendo recebido muitos pr\u00eamios por seu trabalho com animador e ilustrador. Entre eles por 4 vezes o Pr\u00eamio Jabuti de ilustra\u00e7\u00e3o. Recebeu em 2006 o pr\u00eamio de literatura infanto-juvenil da Academia Brasileira de Letras com o seu livro Cartas Lunares.<\/p>\n<p>J\u00e1 fez diversas exposi\u00e7\u00f5es individuais no Brasil e no exterior, e foi indicado pela FNLIJ ao pr\u00eamio Hans Christian Andersen em 2006 e 2008 patrocinado pelo International Board on Books for Young People -IBBY na categoria ilustra\u00e7\u00e3o.<\/p>\n<p>Rui de Oliveira \u00e9 professor aposentado da Universidade Federal do Rio de Janeiro, onde lecionou durante 30 anos no curso de Comunica\u00e7\u00e3o Visual Design da Escola de Belas Artes.Fez seu mestrado e doutorado na Escola de Comunica\u00e7\u00f5es e Artes da USP.<\/p>\n<p>Maiores detalhes sobre seu trabalho podem ser vistos em:<\/p>\n<ul>\n<li><a href=\"http:\/\/www.ruideoliveira.com.br\">http:\/\/www.ruideoliveira.com.br<\/a><\/li>\n<li><a href=\"http:\/\/ruideoliveira.blogspot.com\">http:\/\/ruideoliveira.blogspot.com<\/a><\/li>\n<li><a href=\"https:\/\/www.facebook.com\/rui.deoliveira.9\">https:\/\/www.facebook.com\/rui.deoliveira.9<\/a><\/li>\n<\/ul>\n<p><\/p>","protected":false},"excerpt":{"rendered":"<p>Nasceu no Rio de Janeiro. Estudou pintura no Museu de Arte Moderna desta cidade, artes gr\u00e1ficas na Escola de Belas Artes da UFRJ e, durante 6 anos ilustra\u00e7\u00e3o na Moholy-Nagy University of Art and Design, em Budapeste.Estudou tamb\u00e9m cinema de anima\u00e7\u00e3o no est\u00fadio h\u00fangaro Pann\u00f3nia Film. Foi Diretor de Arte da TV-Globo e da TV-Educativa [&hellip;]<\/p>\n","protected":false},"author":1,"featured_media":0,"parent":0,"menu_order":4,"comment_status":"closed","ping_status":"closed","template":"","meta":{"footnotes":""},"_links":{"self":[{"href":"https:\/\/ruideoliveira.com.br\/br\/wp-json\/wp\/v2\/pages\/13"}],"collection":[{"href":"https:\/\/ruideoliveira.com.br\/br\/wp-json\/wp\/v2\/pages"}],"about":[{"href":"https:\/\/ruideoliveira.com.br\/br\/wp-json\/wp\/v2\/types\/page"}],"author":[{"embeddable":true,"href":"https:\/\/ruideoliveira.com.br\/br\/wp-json\/wp\/v2\/users\/1"}],"replies":[{"embeddable":true,"href":"https:\/\/ruideoliveira.com.br\/br\/wp-json\/wp\/v2\/comments?post=13"}],"version-history":[{"count":3,"href":"https:\/\/ruideoliveira.com.br\/br\/wp-json\/wp\/v2\/pages\/13\/revisions"}],"predecessor-version":[{"id":2328,"href":"https:\/\/ruideoliveira.com.br\/br\/wp-json\/wp\/v2\/pages\/13\/revisions\/2328"}],"wp:attachment":[{"href":"https:\/\/ruideoliveira.com.br\/br\/wp-json\/wp\/v2\/media?parent=13"}],"curies":[{"name":"wp","href":"https:\/\/api.w.org\/{rel}","templated":true}]}}