{"id":2,"date":"2017-12-20T16:51:58","date_gmt":"2017-12-20T16:51:58","guid":{"rendered":"http:\/\/2018.ruideoliveira.com.br\/?page_id=2"},"modified":"2018-01-22T20:48:32","modified_gmt":"2018-01-22T22:48:32","slug":"home","status":"publish","type":"page","link":"https:\/\/ruideoliveira.com.br\/br\/home\/","title":{"rendered":"Sum\u00e1rio"},"content":{"rendered":"<p><\/p>\n<h3>A Arte do Livro<\/h3>\n<ul>\n<li><a href=\"\/books\">Ilustra\u00e7\u00f5es<\/a><\/li>\n<li><a href=\"\/book-covers\">Capas<\/a><\/li>\n<li><a href=\"\/book-design\">Design<\/a><\/li>\n<\/ul>\n<h3>O Artista<\/h3>\n<ul>\n<li><a href=\"\/bio\">Biografia<\/a><\/li>\n<li><a href=\"\/texts\">Textos sobre o artista<\/a><\/li>\n<li><a href=\"\/contact\">Contato<\/a><\/li>\n<li><a href=\"http:\/\/ruideoliveira.blogspot.com.br\/\" target=\"_blank\" rel=\"noopener\">Blog<\/a><\/li>\n<\/ul>\n<h3>Imagin\u00e1rio Gr\u00e1fico<\/h3>\n<ul>\n<li><a href=\"\/visual-arts\">Artes Pl\u00e1sticas: desenhos e aquarelas<\/a><\/li>\n<li><a href=\"\/tv\">Abertura e vinhetas para TV<\/a><\/li>\n<li><a href=\"\/animation\">Cinema de Anima\u00e7\u00e3o<\/a><\/li>\n<li><a href=\"\/posters\">Cartazes<\/a><\/li>\n<li><a href=\"\/stamps\">Selos<\/a><\/li>\n<\/ul>\n<p><\/p>","protected":false},"excerpt":{"rendered":"<p>A Arte do Livro Ilustra\u00e7\u00f5es Capas Design O Artista Biografia Textos sobre o artista Contato Blog Imagin\u00e1rio Gr\u00e1fico Artes Pl\u00e1sticas: desenhos e aquarelas Abertura e vinhetas para TV Cinema de Anima\u00e7\u00e3o Cartazes Selos<\/p>\n","protected":false},"author":1,"featured_media":0,"parent":0,"menu_order":0,"comment_status":"closed","ping_status":"open","template":"","meta":{"footnotes":""},"_links":{"self":[{"href":"https:\/\/ruideoliveira.com.br\/br\/wp-json\/wp\/v2\/pages\/2"}],"collection":[{"href":"https:\/\/ruideoliveira.com.br\/br\/wp-json\/wp\/v2\/pages"}],"about":[{"href":"https:\/\/ruideoliveira.com.br\/br\/wp-json\/wp\/v2\/types\/page"}],"author":[{"embeddable":true,"href":"https:\/\/ruideoliveira.com.br\/br\/wp-json\/wp\/v2\/users\/1"}],"replies":[{"embeddable":true,"href":"https:\/\/ruideoliveira.com.br\/br\/wp-json\/wp\/v2\/comments?post=2"}],"version-history":[{"count":4,"href":"https:\/\/ruideoliveira.com.br\/br\/wp-json\/wp\/v2\/pages\/2\/revisions"}],"predecessor-version":[{"id":910,"href":"https:\/\/ruideoliveira.com.br\/br\/wp-json\/wp\/v2\/pages\/2\/revisions\/910"}],"wp:attachment":[{"href":"https:\/\/ruideoliveira.com.br\/br\/wp-json\/wp\/v2\/media?parent=2"}],"curies":[{"name":"wp","href":"https:\/\/api.w.org\/{rel}","templated":true}]}}