{"id":13,"date":"2017-12-29T16:56:52","date_gmt":"2017-12-29T18:56:52","guid":{"rendered":"http:\/\/2018.ruideoliveira.com.br\/?page_id=13"},"modified":"2018-12-21T22:43:32","modified_gmt":"2018-12-22T00:43:32","slug":"bio","status":"publish","type":"page","link":"https:\/\/ruideoliveira.com.br\/en\/bio\/","title":{"rendered":"Biography"},"content":{"rendered":"<p>Born in Rio de Janeiro. Studied painting at the Museum of Modern Art in Rio de Janeiro, graphic design at the School of Fine Arts and Illustration at Hungarian Institute of Arts and Crafts in Budapest for six years. Also studied animation at the Pann\u00f3nia Film Studio in Budapest, Hungary, where he worked as a film animator having made two short animation films.<\/p>\n<p>In 1975, he was hired by Globo Television Network as an art director. He designed many opening sequences of soap operas and various programs including the highly successful children\u2019s series, &#8220;S\u00edtio do Picapau Amarelo&#8221; (Yellow Woodpecker Farm).<\/p>\n<p>He has joined the Educational Television Channel of the State of Rio de Janeiro as an art director until 1983. Besides the various openings for Brazilian films, he has also designed posters and visual programs for movies. He has already illustrated more than 140 books and projected more than 400 book covers for the main publishing houses all over Brazil including the most important authors of Brazilian children\u2019s and young people literature. In 2005 he has launched two of his own books, such as: &#8220;Magn\u00f3lia&#8221; (Magn\u00f3lia) and &#8220;Cartas Lunares&#8221; (&#8220;Letters of the Moon&#8221;).<\/p>\n<p>He has won 18 awards as an illustrator in Brazil and abroad. His illustrations and adaptations of the play entitled &#8220;The Tempest&#8221; by William Shakespeare, published by Companhia das Letrinhas, got the Mention Highly Commended by the National Foundation for Books for Children and Young People \u2013 and then was nominated by IBBY Honour List 2002. The &#8220;Red Ridin\u00b4 in the Hood and Other Image Shortstories&#8221; introduced by Luciana Sandroni got the Jabuti Award for Illustration \u2013 2003 besides being mentioned as Highly Commended on illustration by the FNLIJ \u2013 National Foundation of Books for Children and Young People.<\/p>\n<p>He has participated in many exhibitions in Brazil and abroad. In 1998 he had an exhibition entitled &#8220;Five Brazilian Illustrators in Paris and Rome&#8221; at Maison de l\u2019Am\u00e8rique Latine, Paris and Candido Portinari Gallery, Rome, Italy.<\/p>\n<p>On April 2003 the D. Jo\u00e3o VI Museum of the Federal University of Rio de Janeiro presented an exhibition of his recent illustrations. In September of the same year The International Festival of Comic Books held in Belo Horizonte also organized an exhibition of his principal works.<\/p>\n<p>On October 2005 there will be a retrospective exhibition celebrating his 30 years of books illustration at &#8220;Academia Brasileira de Letras&#8221; (Brazilian Literature Academy) in Rio de Janeiro. As an animation film director we point out the short film &#8220;Wanted Christ&#8221;(Cristo Procurado), which has obtained various national and international prizes, having been exhibited in festivals throughout Brazil and abroad. In 1999, he made his animation film called Indian Love (&#8220;Amor \u00cdndio&#8221;), the first film of the series &#8220;Am\u00e9rica Morena&#8221; (Tanned America). It was considered one of the best five animation shortfilms by the &#8220;Grande Pr\u00eamio Cinema Brasil&#8221;- 2001. Not only the animation film &#8220;Amor \u00cdndio&#8221; (Indian Love) but also the second movie of the series,&#8221;A Lenda do Dia e da Noite&#8221; (The Legend of the Day and Night), based on a legend of the &#8220;Karaj\u00e1&#8221; indians were adapted for books and published by Jos\u00e9 Olympio and FTD Publishing Houses, respectively.<\/p>\n<p>At the moment &#8220;O Bravo Pastor e Suas Tr\u00eas Irm\u00e3s&#8221; (The Brave Shepherd and His Three Sisters), the third animation film of the series, is being finished to conclude the &#8220;Am\u00e9rica Morena&#8221; (Tanned America) trilogy. He has been a Professor of the Industrial Design Course for 22 years at the Fine Arts School of the Federal University of Rio de Janeiro. He got his masters and doctorate in Communications and Audiovisual Aesthetics from USP &#8211; Communications and Arts School of the University of S\u00e3o Paulo.<\/p>","protected":false},"excerpt":{"rendered":"<p>Born in Rio de Janeiro. Studied painting at the Museum of Modern Art in Rio de Janeiro, graphic design at the School of Fine Arts and Illustration at Hungarian Institute of Arts and Crafts in Budapest for six years. Also studied animation at the Pann\u00f3nia Film Studio in Budapest, Hungary, where he worked as a [&hellip;]<\/p>\n","protected":false},"author":1,"featured_media":0,"parent":0,"menu_order":4,"comment_status":"closed","ping_status":"closed","template":"","meta":{"footnotes":""},"_links":{"self":[{"href":"https:\/\/ruideoliveira.com.br\/en\/wp-json\/wp\/v2\/pages\/13"}],"collection":[{"href":"https:\/\/ruideoliveira.com.br\/en\/wp-json\/wp\/v2\/pages"}],"about":[{"href":"https:\/\/ruideoliveira.com.br\/en\/wp-json\/wp\/v2\/types\/page"}],"author":[{"embeddable":true,"href":"https:\/\/ruideoliveira.com.br\/en\/wp-json\/wp\/v2\/users\/1"}],"replies":[{"embeddable":true,"href":"https:\/\/ruideoliveira.com.br\/en\/wp-json\/wp\/v2\/comments?post=13"}],"version-history":[{"count":4,"href":"https:\/\/ruideoliveira.com.br\/en\/wp-json\/wp\/v2\/pages\/13\/revisions"}],"predecessor-version":[{"id":2328,"href":"https:\/\/ruideoliveira.com.br\/en\/wp-json\/wp\/v2\/pages\/13\/revisions\/2328"}],"wp:attachment":[{"href":"https:\/\/ruideoliveira.com.br\/en\/wp-json\/wp\/v2\/media?parent=13"}],"curies":[{"name":"wp","href":"https:\/\/api.w.org\/{rel}","templated":true}]}}